{"id":323,"date":"2025-03-13T13:07:10","date_gmt":"2025-03-13T12:07:10","guid":{"rendered":"https:\/\/heike-neehoff.de\/?page_id=323"},"modified":"2026-02-13T11:24:30","modified_gmt":"2026-02-13T10:24:30","slug":"studiomiete","status":"publish","type":"page","link":"https:\/\/www.heike-neehoff.de\/?page_id=323","title":{"rendered":"Studiomiete"},"content":{"rendered":"\n  \n    \n    <section class=\"skrollable u-clearfix u-image u-parallax u-shading u-section-2\" id=\"carousel_9816\" data-image-width=\"1152\" data-image-height=\"865\" style=\"background-image: linear-gradient(0deg, rgba(0, 0, 0, 0.2), rgba(0, 0, 0, 0.2)), url(&quot;https:\/\/www.heike-neehoff.de\/wp-content\/uploads\/2025\/03\/Mietstudio_Header.jpg&quot;);\">\n      <div class=\"u-clearfix u-sheet u-sheet-1\">\n        <h1 class=\"u-align-center u-text u-text-white u-text-1\">Mietstudio Heike Neehoff<\/h1>\n        <h2 class=\"u-align-center u-text u-text-2\">Das Tageslichtstudio f\u00fcr Foto-, Film- und Videoproduktion<br>\n        <\/h2>\n      <\/div>\n    <\/section>\n    <section class=\"u-align-center u-clearfix u-container-align-center u-section-3\" id=\"sec-3e84\">\n      <div class=\"u-clearfix u-sheet u-sheet-1\">\n        <h5 class=\"u-text u-text-custom-color-2 u-text-default u-text-1\" data-animation-name=\"customAnimationIn\" data-animation-duration=\"1000\" data-animation-delay=\"0\">Tageslichtstudio mieten <\/h5>\n        <h4 class=\"u-align-center u-text u-text-custom-color-2 u-text-2\" data-animation-name=\"customAnimationIn\" data-animation-duration=\"1000\" data-animation-delay=\"0\">authentisch, nat\u00fcrlich &amp; individuell<\/h4>\n        <p class=\"u-align-center u-large-text u-text u-text-variant u-text-3\" data-animation-name=\"customAnimationIn\" data-animation-duration=\"1000\" data-animation-delay=\"0\"> Herzlich willkommen in meinem vielseitigen Mietstudio \u2013 deinem kreativen Raum f\u00fcr unz\u00e4hlige M\u00f6glichkeiten f\u00fcr Einsteiger und Profis! Mein Studio ist der perfekte Ort, um deine Visionen Wirklichkeit werden zu lassen. Ganz gleich, ob du ein professionelles Fotoshooting f\u00fcr Menschen, Tiere, Mode oder Produkte planst, Videoproduktionen oder YouTube-Clips drehen m\u00f6chtest, Workshops oder Seminare abhalten willst \u2013 bei mir findest du den idealen Raum, um deine Projekte zum Leben zu erwecken.<br>\n          <br>Ich biete in meinem Studio auch Personal Branding-Shootings, Workshops und Einzelcoaching an.<br>\n          <br>Mein Studio ist mit eigenen Toiletten und einer K\u00fcche ausgestattet, um sicherzustellen, dass dein Aufenthalt so reibungslos und angenehm wie m\u00f6glich verl\u00e4uft. Gerne kann das Studio auch f\u00fcr kleine Feierlichkeiten gebucht werden. Sprecht mich einfach an.&nbsp; \n        <\/p>\n      <\/div>\n    <\/section>\n    <section class=\"u-clearfix u-gradient u-section-4\" id=\"carousel_7d61\">\n      <div class=\"custom-expanded data-layout-selected u-clearfix u-layout-wrap u-layout-wrap-1\">\n        <div class=\"u-gutter-0 u-layout\">\n          <div class=\"u-layout-row\">\n            <div class=\"u-align-center u-container-align-center u-container-align-center-lg u-container-align-center-md u-container-align-center-xl u-container-style u-grey-10 u-layout-cell u-size-27 u-layout-cell-1\">\n              <div class=\"u-container-layout u-container-layout-1\">\n                <h2 class=\"u-custom-font u-font-open-sans u-text u-text-custom-color-2 u-text-1\"><span style=\"font-weight: 700;\"><\/span>Preise &amp; Konditionen \n                <\/h2>\n                <p class=\"u-large-text u-text u-text-variant u-text-2\">69,- \u20ac zzgl. MwSt. pro Stunde<br>Tagespreise auf Anfrage<br>\n                  <br>20,- \u20ac zzgl. MwSt. Studioblitzanlage mit Ausl\u00f6ser \n                <\/p>\n                <a href=\"https:\/\/heike-neehoff.de\/?page_id=323#sec-fc91\" class=\"u-border-2 u-border-custom-color-2 u-btn u-button-style u-hover-custom-color-2 u-none u-text-hover-white u-btn-1\">Buchungsanfrage <\/a>\n              <\/div>\n            <\/div>\n            <div class=\"u-container-align-center u-container-style u-layout-cell u-size-33 u-uploaded-video u-video u-video-1\">\n              <div class=\"u-background-video u-expanded\" style=\"\">\n                <div class=\"embed-responsive\">\n                  <video class=\"embed-responsive-item\" data-autoplay=\"1\" loop=\"\" muted=\"1\" autoplay=\"autoplay\" playsinline=\"\">\n                    <source src=\"https:\/\/www.heike-neehoff.de\/wp-content\/uploads\/2025\/03\/Studiorundgang.mp4\" type=\"video\/mp4\">\n                    <p>Your browser does not support HTML5 video.<\/p>\n                  <\/video>\n                <\/div>\n              <\/div>\n              <div class=\"u-container-layout u-container-layout-2\"><\/div>\n            <\/div>\n          <\/div>\n        <\/div>\n      <\/div>\n    <\/section>\n    <section class=\"u-clearfix u-section-5\" id=\"sec-5b06\">\n      <div class=\"u-expanded-width-lg u-expanded-width-md u-expanded-width-xl u-gallery u-layout-grid u-lightbox u-no-transition u-show-text-none u-gallery-1\">\n        <div class=\"u-gallery-inner u-gallery-inner-1\">\n          <div class=\"u-effect-hover-zoom u-gallery-item\">\n            <div class=\"u-back-slide\">\n              <img decoding=\"async\" class=\"u-back-image u-expanded\" src=\"https:\/\/www.heike-neehoff.de\/wp-content\/uploads\/2025\/03\/Mietstudio_01.jpg\">\n            <\/div>\n            <div class=\"u-over-slide u-shading u-over-slide-1\"><\/div>\n          <\/div>\n          <div class=\"u-effect-hover-zoom u-gallery-item\">\n            <div class=\"u-back-slide\">\n              <img decoding=\"async\" class=\"u-back-image u-expanded\" src=\"https:\/\/www.heike-neehoff.de\/wp-content\/uploads\/2025\/03\/Mietstudio_17.jpg\">\n            <\/div>\n            <div class=\"u-over-slide u-shading u-over-slide-2\"><\/div>\n          <\/div>\n          <div class=\"u-effect-hover-zoom u-gallery-item\">\n            <div class=\"u-back-slide\">\n              <img decoding=\"async\" class=\"u-back-image u-expanded\" src=\"https:\/\/www.heike-neehoff.de\/wp-content\/uploads\/2025\/03\/Mietstudio_02.jpg\">\n            <\/div>\n            <div class=\"u-over-slide u-shading u-over-slide-3\"><\/div>\n          <\/div>\n          <div class=\"u-effect-hover-zoom u-gallery-item\">\n            <div class=\"u-back-slide\">\n              <img decoding=\"async\" class=\"u-back-image u-expanded\" src=\"https:\/\/www.heike-neehoff.de\/wp-content\/uploads\/2025\/03\/Mietstudio_04.jpg\">\n            <\/div>\n            <div class=\"u-over-slide u-shading u-over-slide-4\"><\/div>\n          <\/div>\n          <div class=\"u-effect-hover-zoom u-gallery-item\">\n            <div class=\"u-back-slide\">\n              <img decoding=\"async\" class=\"u-back-image u-expanded\" src=\"https:\/\/www.heike-neehoff.de\/wp-content\/uploads\/2025\/03\/Mietstudio_05.jpg\">\n            <\/div>\n            <div class=\"u-over-slide u-shading u-over-slide-5\"><\/div>\n          <\/div>\n          <div class=\"u-effect-hover-zoom u-gallery-item\">\n            <div class=\"u-back-slide\">\n              <img decoding=\"async\" class=\"u-back-image u-expanded\" src=\"https:\/\/www.heike-neehoff.de\/wp-content\/uploads\/2025\/03\/Mietstudio_06.jpg\">\n            <\/div>\n            <div class=\"u-over-slide u-shading u-over-slide-6\"><\/div>\n          <\/div>\n          <div class=\"u-effect-hover-zoom u-gallery-item\">\n            <div class=\"u-back-slide\">\n              <img decoding=\"async\" class=\"u-back-image u-expanded\" src=\"https:\/\/www.heike-neehoff.de\/wp-content\/uploads\/2025\/03\/Mietstudio_07.jpg\">\n            <\/div>\n            <div class=\"u-over-slide u-shading u-over-slide-7\"><\/div>\n          <\/div>\n          <div class=\"u-effect-hover-zoom u-gallery-item\">\n            <div class=\"u-back-slide\">\n              <img decoding=\"async\" class=\"u-back-image u-expanded\" src=\"https:\/\/www.heike-neehoff.de\/wp-content\/uploads\/2025\/03\/Mietstudio_08.jpg\">\n            <\/div>\n            <div class=\"u-over-slide u-shading u-over-slide-8\"><\/div>\n          <\/div>\n          <div class=\"u-effect-hover-zoom u-gallery-item\">\n            <div class=\"u-back-slide\">\n              <img decoding=\"async\" class=\"u-back-image u-expanded\" src=\"https:\/\/www.heike-neehoff.de\/wp-content\/uploads\/2025\/03\/Mietstudio_10.jpg\">\n            <\/div>\n            <div class=\"u-over-slide u-shading u-over-slide-9\"><\/div>\n          <\/div>\n          <div class=\"u-effect-hover-zoom u-gallery-item\">\n            <div class=\"u-back-slide\">\n              <img decoding=\"async\" class=\"u-back-image u-expanded\" src=\"https:\/\/www.heike-neehoff.de\/wp-content\/uploads\/2025\/03\/Mietstudio_11.jpg\">\n            <\/div>\n            <div class=\"u-over-slide u-shading u-over-slide-10\"><\/div>\n          <\/div>\n          <div class=\"u-effect-hover-zoom u-gallery-item\">\n            <div class=\"u-back-slide\">\n              <img decoding=\"async\" class=\"u-back-image u-expanded\" src=\"https:\/\/www.heike-neehoff.de\/wp-content\/uploads\/2025\/03\/Mietstudio_12.jpg\">\n            <\/div>\n            <div class=\"u-over-slide u-shading u-over-slide-11\"><\/div>\n          <\/div>\n          <div class=\"u-effect-hover-zoom u-gallery-item\">\n            <div class=\"u-back-slide\">\n              <img decoding=\"async\" class=\"u-back-image u-expanded\" src=\"https:\/\/www.heike-neehoff.de\/wp-content\/uploads\/2025\/03\/Mietstudio_13.jpg\">\n            <\/div>\n            <div class=\"u-over-slide u-shading u-over-slide-12\"><\/div>\n          <\/div>\n          <div class=\"u-effect-hover-zoom u-gallery-item\">\n            <div class=\"u-back-slide\">\n              <img decoding=\"async\" class=\"u-back-image u-expanded\" src=\"https:\/\/www.heike-neehoff.de\/wp-content\/uploads\/2025\/03\/Mietstudio_14.jpg\">\n            <\/div>\n            <div class=\"u-over-slide u-shading u-over-slide-13\"><\/div>\n          <\/div>\n          <div class=\"u-effect-hover-zoom u-gallery-item\">\n            <div class=\"u-back-slide\">\n              <img decoding=\"async\" class=\"u-back-image u-expanded\" src=\"https:\/\/www.heike-neehoff.de\/wp-content\/uploads\/2025\/03\/Mietstudio_15.jpg\">\n            <\/div>\n            <div class=\"u-over-slide u-shading u-over-slide-14\"><\/div>\n          <\/div>\n          <div class=\"u-effect-hover-zoom u-gallery-item\">\n            <div class=\"u-back-slide\">\n              <img decoding=\"async\" class=\"u-back-image u-expanded\" src=\"https:\/\/www.heike-neehoff.de\/wp-content\/uploads\/2025\/03\/Mietstudio_16.jpg\">\n            <\/div>\n            <div class=\"u-over-slide u-shading u-over-slide-15\"><\/div>\n          <\/div>\n        <\/div>\n      <\/div>\n    <\/section>\n    <section class=\"u-align-center u-clearfix u-container-align-center u-valign-middle-md u-valign-middle-sm u-valign-middle-xs u-white u-section-6\" id=\"sec-fc91\">\n      <div class=\"data-layout-selected u-clearfix u-expanded-width u-layout-wrap u-layout-wrap-1\">\n        <div class=\"u-layout\">\n          <div class=\"u-layout-row\">\n            <div class=\"u-container-style u-custom-color-2 u-layout-cell u-radius u-shape-round u-size-22-lg u-size-22-xl u-size-60-md u-size-60-sm u-size-60-xs u-layout-cell-1\" data-animation-name=\"customAnimationIn\" data-animation-duration=\"1500\">\n              <div class=\"u-container-layout u-container-layout-1\">\n                <h4 class=\"u-align-left u-text u-text-white u-text-1\">Buchungsanfrage f\u00fcr mein Tageslichtstudio<\/h4>\n                <p class=\"u-align-left u-custom-font u-heading-font u-text u-text-default u-text-2\">Bitte nutzen Sie f\u00fcr eine Buchungsanfrage mein Kontaktformular. Gerne k\u00f6nnen Sie mich f\u00fcr Information auch telefonisch oder per Whatsapp kontaktieren.<\/p><span class=\"u-file-icon u-icon u-icon-1\"><img decoding=\"async\" src=\"https:\/\/www.heike-neehoff.de\/wp-content\/uploads\/2025\/03\/3799943.png\" alt=\"\"><\/span><span class=\"u-file-icon u-icon u-icon-2\"><img decoding=\"async\" src=\"https:\/\/www.heike-neehoff.de\/wp-content\/uploads\/2025\/03\/39995.png\" alt=\"\"><\/span>\n                <p class=\"u-align-left u-large-text u-text u-text-default u-text-variant u-text-3\">0172 - 455 69 04<\/p>\n              <\/div>\n            <\/div>\n            <div class=\"u-container-style u-layout-cell u-size-38-lg u-size-38-xl u-size-60-md u-size-60-sm u-size-60-xs u-layout-cell-2\" data-animation-name=\"customAnimationIn\" data-animation-duration=\"1500\" data-animation-delay=\"500\">\n              <div class=\"u-container-layout u-valign-top u-container-layout-2\">\n                <div class=\"u-form u-form-1\">\n                  <form action=\"https:\/\/www.heike-neehoff.de\/wp-content\/plugins\/nicepage\/templates\/form.php?id=323&formId=1653-fc91\" class=\"u-clearfix u-form-spacing-28 u-form-vertical u-inner-form\" source=\"customphp\" name=\"form\" style=\"padding: 0px;\">\n                    <div class=\"u-form-group u-form-name u-form-partition-factor-2 u-form-group-1\">\n                      <label for=\"name-8e54\" class=\"u-label\">Vorname<\/label>\n                      <input type=\"text\" placeholder=\"Bitte geben sie ihren Vornamen ein\" id=\"name-8e54\" name=\"vorname\" class=\"u-border-2 u-border-custom-color-3 u-border-no-left u-border-no-right u-border-no-top u-input u-input-rectangle u-none\" required=\"\">\n                    <\/div>\n                    <div class=\"u-form-group u-form-name u-form-partition-factor-2 u-form-group-2\">\n                      <label for=\"name-8e54\" class=\"u-label\">Nachname<\/label>\n                      <input type=\"text\" placeholder=\"Bitte geben sie ihren Nachnamen ein\" id=\"name-8e54\" name=\"nachname\" class=\"u-border-2 u-border-custom-color-3 u-border-no-left u-border-no-right u-border-no-top u-input u-input-rectangle u-none\" required=\"\">\n                      <div style=\"position: relative !important; height: 0px; width: 0px; display: initial !important; float: left !important;\"><\/div>\n                      <div style=\"position: relative !important; height: 0px; width: 0px; display: initial !important; float: left !important;\"><\/div>\n                      <div style=\"position: relative !important; height: 0px; width: 0px; display: initial !important; float: left !important;\"><\/div>\n                      <div style=\"position: relative !important; height: 0px; width: 0px; display: initial !important; float: left !important;\"><\/div>\n                      <div style=\"position: relative !important; height: 0px; width: 0px; float: left !important;\"><\/div>\n                      <div style=\"position: relative !important; height: 0px; width: 0px; float: left !important;\"><\/div>\n                      <div style=\"position: relative !important; height: 0px; width: 0px; float: left !important;\"><\/div>\n                      <div style=\"position: relative !important; height: 0px; width: 0px; float: left !important;\"><\/div>\n                      <div style=\"position: relative !important; height: 0px; width: 0px; float: left !important;\"><\/div>\n                      <div style=\"position: relative !important; height: 0px; width: 0px; float: left !important;\"><\/div>\n                      <div style=\"position: relative !important; height: 0px; width: 0px; float: left !important;\"><\/div>\n                    <\/div>\n                    <div class=\"u-form-email u-form-group u-form-partition-factor-2\">\n                      <label for=\"email-c6a3\" class=\"u-label\">Email<\/label>\n                      <input type=\"email\" placeholder=\"Bitte geben sie ihre E-Mail Adresse ein\" id=\"email-c6a3\" name=\"email\" class=\"u-border-2 u-border-custom-color-3 u-border-no-left u-border-no-right u-border-no-top u-input u-input-rectangle u-none\" required=\"\">\n                    <\/div>\n                    <div class=\"u-form-group u-form-partition-factor-2 u-form-phone u-form-group-4\">\n                      <label for=\"phone-84d9\" class=\"u-label\">Telefonnummer<\/label>\n                      <input type=\"tel\" placeholder=\"01512 3456789\" id=\"phone-84d9\" name=\"telefonnummer\" class=\"u-border-2 u-border-custom-color-3 u-border-no-left u-border-no-right u-border-no-top u-input u-input-rectangle u-none\" data-country-code=\"de\">\n                    <\/div>\n                    <div class=\"u-form-date u-form-group u-form-partition-factor-3 u-form-group-5\">\n                      <label for=\"date-571b\" class=\"u-label\">Gew\u00fcnschtes Datum<\/label>\n                      <input type=\"text\" placeholder=\"MM\/TT\/JJJJ\" id=\"date-571b\" name=\"datum\" class=\"u-border-2 u-border-custom-color-3 u-border-no-left u-border-no-right u-border-no-top u-input u-input-rectangle u-none\" required=\"\" data-date-format=\"mm\/dd\/yyyy\">\n                    <\/div>\n                    <div class=\"u-form-group u-form-partition-factor-3 u-form-time u-form-group-6\">\n                      <label for=\"time-95c7\" class=\"u-label\">Buchungszeit von<\/label>\n                      <input type=\"time\" id=\"time-95c7\" name=\"buchungszeit1\" class=\"u-border-2 u-border-custom-color-3 u-border-no-left u-border-no-right u-border-no-top u-input u-input-rectangle u-none\" data-time-value=\"00:00\">\n                    <\/div>\n                    <div class=\"u-form-group u-form-partition-factor-3 u-form-time u-form-group-7\">\n                      <label for=\"time-016f\" class=\"u-label\">Buchungszeit bis<\/label>\n                      <input type=\"time\" id=\"time-016f\" name=\"buchungszeit2\" class=\"u-border-2 u-border-custom-color-3 u-border-no-left u-border-no-right u-border-no-top u-input u-input-rectangle u-none\" data-time-value=\"00:00\">\n                    <\/div>\n                    <div class=\"u-form-group u-form-select u-form-group-8\">\n                      <label for=\"select-0d9b\" class=\"u-label\">Studioblitzanlage mit Ausl\u00f6ser mieten ?<\/label>\n                      <div class=\"u-form-select-wrapper\">\n                        <select id=\"select-0d9b\" name=\"studioblitzanlage\" class=\"u-border-2 u-border-custom-color-3 u-border-no-left u-border-no-right u-border-no-top u-input u-input-rectangle u-none\" required=\"required\">\n                          <option value=\"- bitte ausw\u00e4hlen -\" data-calc=\"\">- bitte ausw\u00e4hlen -<\/option>\n                          <option value=\"JA\" data-calc=\"\">JA<\/option>\n                          <option value=\"NEIN\" data-calc=\"\">NEIN<\/option>\n                        <\/select>\n                        <svg class=\"u-caret u-caret-svg\" version=\"1.1\" id=\"Layer_1\" xmlns=\"http:\/\/www.w3.org\/2000\/svg\" xmlns:xlink=\"http:\/\/www.w3.org\/1999\/xlink\" x=\"0px\" y=\"0px\" width=\"16px\" height=\"16px\" viewBox=\"0 0 16 16\" style=\"fill:currentColor;\" xml:space=\"preserve\"><polygon class=\"st0\" points=\"8,12 2,4 14,4 \"><\/polygon><\/svg>\n                      <\/div>\n                    <\/div>\n                    <div class=\"u-form-group u-form-message\">\n                      <label for=\"message-c6a3\" class=\"u-label\">Ihre Nachricht<\/label>\n                      <textarea placeholder=\"Bitte geben sie ihre Nachricht an uns ein\" rows=\"4\" cols=\"50\" id=\"message-c6a3\" name=\"nachricht\" class=\"u-border-2 u-border-custom-color-3 u-border-no-left u-border-no-right u-border-no-top u-input u-input-rectangle u-none\"><\/textarea>\n                    <\/div>\n                    <div class=\"u-form-group u-form-number u-form-number-layout-number u-form-group-10\">\n                      <label for=\"number-37c7\" class=\"u-label\">Spamschutz: Wieviel ist 4 + 18<\/label>\n                      <div class=\"u-input-row\" data-value=\"0\">\n                        <input value=\"0\" min=\"0\" max=\"100\" step=\"1\" type=\"number\" placeholder=\"\" id=\"number-37c7\" name=\"number\" class=\"u-border-2 u-border-custom-color-3 u-border-no-left u-border-no-right u-border-no-top u-input u-input-rectangle u-none u-text-black\">\n                      <\/div>\n                    <\/div>\n                    <div class=\"u-form-agree u-form-group u-form-group-11\" data-dependency=\"[{&quot;action&quot;:&quot;show&quot;,&quot;field&quot;:&quot;number&quot;,&quot;condition&quot;:&quot;number-equal&quot;,&quot;value&quot;:22}]\">\n                      <label class=\"u-block-2db0-64 u-field-label\" style=\"\"><\/label>\n                      <input type=\"checkbox\" id=\"agree-41fc\" name=\"agree\" class=\"u-agree-checkbox u-field-input\" required=\"\">\n                      <label for=\"agree-41fc\" class=\"u-agree-label u-field-label\">Ich akzeptiere die <a class=\"u-active-none u-border-none u-btn u-button-link u-button-style u-hover-none u-none u-text-palette-1-base u-btn-1\" href=\"https:\/\/heike-neehoff.de\/?page_id=324\" title=\"Datenschutzerkl\u00e4rung\" target=\"_blank\">Datenschutzbestimmungen<\/a>\n                      <\/label>\n                    <\/div>\n                    <div class=\"u-align-center u-form-group u-form-submit\">\n                      <a href=\"#\" class=\"u-active-custom-color-1 u-border-none u-btn u-btn-round u-btn-submit u-button-style u-custom-color-3 u-hover-custom-color-2 u-radius u-btn-2\">Einreichen<\/a>\n                      <input type=\"submit\" value=\"submit\" class=\"u-form-control-hidden\">\n                    <\/div>\n                    <div class=\"u-form-send-message u-form-send-success\"> Thank you! Your message has been sent. <\/div>\n                    <div class=\"u-form-send-error u-form-send-message\"> Unable to send your message. Please fix errors then try again. <\/div>\n                    <input type=\"hidden\" value=\"\" name=\"recaptchaResponse\">\n                  <\/form>\n                <\/div>\n              <\/div>\n            <\/div>\n          <\/div>\n        <\/div>\n      <\/div>\n    <\/section>\n    \n    \n    \n  \n","protected":false},"excerpt":{"rendered":"<p>Mietstudio Heike Neehoff Das Tageslichtstudio f\u00fcr Foto-, Film- und Videoproduktion Tageslichtstudio mieten authentisch, nat\u00fcrlich &amp; individuell Herzlich willkommen in meinem vielseitigen Mietstudio \u2013 deinem kreativen Raum f\u00fcr unz\u00e4hlige M\u00f6glichkeiten f\u00fcr Einsteiger und Profis! Mein Studio ist der perfekte Ort, um deine Visionen Wirklichkeit werden zu lassen. Ganz gleich, ob du ein professionelles Fotoshooting f\u00fcr Menschen, &hellip; <a href=\"https:\/\/www.heike-neehoff.de\/?page_id=323\" class=\"more-link\">Continue reading<span class=\"screen-reader-text\"> &#8222;Studiomiete&#8220;<\/span><\/a><\/p>\n","protected":false},"author":1,"featured_media":0,"parent":0,"menu_order":4,"comment_status":"closed","ping_status":"closed","template":"","meta":{"footnotes":""},"class_list":["post-323","page","type-page","status-publish","hentry"],"_links":{"self":[{"href":"https:\/\/www.heike-neehoff.de\/index.php?rest_route=\/wp\/v2\/pages\/323","targetHints":{"allow":["GET"]}}],"collection":[{"href":"https:\/\/www.heike-neehoff.de\/index.php?rest_route=\/wp\/v2\/pages"}],"about":[{"href":"https:\/\/www.heike-neehoff.de\/index.php?rest_route=\/wp\/v2\/types\/page"}],"author":[{"embeddable":true,"href":"https:\/\/www.heike-neehoff.de\/index.php?rest_route=\/wp\/v2\/users\/1"}],"replies":[{"embeddable":true,"href":"https:\/\/www.heike-neehoff.de\/index.php?rest_route=%2Fwp%2Fv2%2Fcomments&post=323"}],"version-history":[{"count":12,"href":"https:\/\/www.heike-neehoff.de\/index.php?rest_route=\/wp\/v2\/pages\/323\/revisions"}],"predecessor-version":[{"id":750,"href":"https:\/\/www.heike-neehoff.de\/index.php?rest_route=\/wp\/v2\/pages\/323\/revisions\/750"}],"wp:attachment":[{"href":"https:\/\/www.heike-neehoff.de\/index.php?rest_route=%2Fwp%2Fv2%2Fmedia&parent=323"}],"curies":[{"name":"wp","href":"https:\/\/api.w.org\/{rel}","templated":true}]}}